{"id":741,"date":"2026-02-04T12:28:18","date_gmt":"2026-02-04T18:28:18","guid":{"rendered":"https:\/\/olimpiada.ingenieria.usac.edu.gt\/?page_id=741"},"modified":"2026-02-04T12:29:36","modified_gmt":"2026-02-04T18:29:36","slug":"ganadores-y-clasificados-2","status":"publish","type":"page","link":"https:\/\/olimpiada.ingenieria.usac.edu.gt\/?page_id=741","title":{"rendered":"Ganadores y clasificados"},"content":{"rendered":"\n<p>En esta p\u00e1gina se publicar\u00e1n los clasificados y los ganadores de cada una de las fases de la competencia.<\/p>\n\n\n\n<figure class=\"wp-block-image size-full\"><img loading=\"lazy\" decoding=\"async\" width=\"640\" height=\"581\" src=\"\/wp-content\/uploads\/2023\/02\/worker.jpg\" alt=\"\" class=\"wp-image-32\"\/><\/figure>\n\n\n\n<h4 class=\"wp-block-heading\" id=\"block-5653f13f-88d8-473d-97bd-e25194f6b152\">Ganadores de a\u00f1os anteriores<\/h4>\n\n\n\n<ul id=\"block-078553a5-a05c-4e11-8971-1231bd3e18e6\" class=\"wp-block-list\">\n<li><a href=\"https:\/\/olimpiada.ingenieria.usac.edu.gt\/?page_id=363\" data-type=\"page\" data-id=\"363\">2025<\/a><\/li>\n\n\n\n<li><a href=\"https:\/\/olimpiada.ingenieria.usac.edu.gt\/?page_id=577\" data-type=\"page\" data-id=\"577\">2024<\/a><\/li>\n<\/ul>\n\n\n\n<p><\/p>\n","protected":false},"excerpt":{"rendered":"<p>En esta p\u00e1gina se publicar\u00e1n los clasificados y los ganadores de cada una de las fases de la competencia. Ganadores de a\u00f1os anteriores<\/p>\n","protected":false},"author":1,"featured_media":0,"parent":0,"menu_order":0,"comment_status":"closed","ping_status":"closed","template":"","meta":{"footnotes":""},"class_list":["post-741","page","type-page","status-publish","hentry"],"_links":{"self":[{"href":"https:\/\/olimpiada.ingenieria.usac.edu.gt\/index.php?rest_route=\/wp\/v2\/pages\/741","targetHints":{"allow":["GET"]}}],"collection":[{"href":"https:\/\/olimpiada.ingenieria.usac.edu.gt\/index.php?rest_route=\/wp\/v2\/pages"}],"about":[{"href":"https:\/\/olimpiada.ingenieria.usac.edu.gt\/index.php?rest_route=\/wp\/v2\/types\/page"}],"author":[{"embeddable":true,"href":"https:\/\/olimpiada.ingenieria.usac.edu.gt\/index.php?rest_route=\/wp\/v2\/users\/1"}],"replies":[{"embeddable":true,"href":"https:\/\/olimpiada.ingenieria.usac.edu.gt\/index.php?rest_route=%2Fwp%2Fv2%2Fcomments&post=741"}],"version-history":[{"count":2,"href":"https:\/\/olimpiada.ingenieria.usac.edu.gt\/index.php?rest_route=\/wp\/v2\/pages\/741\/revisions"}],"predecessor-version":[{"id":744,"href":"https:\/\/olimpiada.ingenieria.usac.edu.gt\/index.php?rest_route=\/wp\/v2\/pages\/741\/revisions\/744"}],"wp:attachment":[{"href":"https:\/\/olimpiada.ingenieria.usac.edu.gt\/index.php?rest_route=%2Fwp%2Fv2%2Fmedia&parent=741"}],"curies":[{"name":"wp","href":"https:\/\/api.w.org\/{rel}","templated":true}]}}