{"id":658,"date":"2025-07-20T19:09:27","date_gmt":"2025-07-21T01:09:27","guid":{"rendered":"https:\/\/olimpiada.ingenieria.usac.edu.gt\/?page_id=658"},"modified":"2025-08-18T06:32:36","modified_gmt":"2025-08-18T12:32:36","slug":"clasificados","status":"publish","type":"page","link":"https:\/\/olimpiada.ingenieria.usac.edu.gt\/?page_id=658","title":{"rendered":"Clasificados de la primera etapa"},"content":{"rendered":"\n<p>Aqu\u00ed puede consultar la clasificaci\u00f3n de la primera etapa.  Puede buscar por su CUI espec\u00edfico o el listado de clasificados por departamento y materia:<\/p>\n\n\n\n<div><iframe id=\"clasificacion\" src=\"\/clasificacion\/index.html\" style=\"width: 100%;height:1300px; border: none;scroll:none;align:center\"><\/iframe>\n<\/div>\n\n\n\n<p><\/p>\n","protected":false},"excerpt":{"rendered":"<p>Aqu\u00ed puede consultar la clasificaci\u00f3n de la primera etapa. Puede buscar por su CUI espec\u00edfico o el listado de clasificados por departamento y materia:<\/p>\n","protected":false},"author":1,"featured_media":0,"parent":0,"menu_order":0,"comment_status":"closed","ping_status":"closed","template":"","meta":{"footnotes":""},"class_list":["post-658","page","type-page","status-publish","hentry"],"_links":{"self":[{"href":"https:\/\/olimpiada.ingenieria.usac.edu.gt\/index.php?rest_route=\/wp\/v2\/pages\/658","targetHints":{"allow":["GET"]}}],"collection":[{"href":"https:\/\/olimpiada.ingenieria.usac.edu.gt\/index.php?rest_route=\/wp\/v2\/pages"}],"about":[{"href":"https:\/\/olimpiada.ingenieria.usac.edu.gt\/index.php?rest_route=\/wp\/v2\/types\/page"}],"author":[{"embeddable":true,"href":"https:\/\/olimpiada.ingenieria.usac.edu.gt\/index.php?rest_route=\/wp\/v2\/users\/1"}],"replies":[{"embeddable":true,"href":"https:\/\/olimpiada.ingenieria.usac.edu.gt\/index.php?rest_route=%2Fwp%2Fv2%2Fcomments&post=658"}],"version-history":[{"count":9,"href":"https:\/\/olimpiada.ingenieria.usac.edu.gt\/index.php?rest_route=\/wp\/v2\/pages\/658\/revisions"}],"predecessor-version":[{"id":712,"href":"https:\/\/olimpiada.ingenieria.usac.edu.gt\/index.php?rest_route=\/wp\/v2\/pages\/658\/revisions\/712"}],"wp:attachment":[{"href":"https:\/\/olimpiada.ingenieria.usac.edu.gt\/index.php?rest_route=%2Fwp%2Fv2%2Fmedia&parent=658"}],"curies":[{"name":"wp","href":"https:\/\/api.w.org\/{rel}","templated":true}]}}