{"id":61,"date":"2023-03-22T16:18:54","date_gmt":"2023-03-22T22:18:54","guid":{"rendered":"https:\/\/olimpiada.ingenieria.usac.edu.gt\/?page_id=61"},"modified":"2026-04-03T19:31:33","modified_gmt":"2026-04-04T01:31:33","slug":"descargas","status":"publish","type":"page","link":"https:\/\/olimpiada.ingenieria.usac.edu.gt\/?page_id=61","title":{"rendered":"Descargas"},"content":{"rendered":"\n<h2 class=\"wp-block-heading\">Bases<\/h2>\n\n\n\n<ul class=\"wp-block-list\">\n<li><a href=\"\/wp-content\/uploads\/2026\/02\/DocBase2026-ONC.pdf\" data-type=\"link\" data-id=\"\/wp-content\/uploads\/2026\/02\/DocBase2026-ONC.pdf\">Bases de la Olimp\u00edada Nacional de Ciencias<\/a><\/li>\n\n\n\n<li><a href=\"\/wp-content\/uploads\/2026\/02\/Documento-Base-GALILEO-2026.pdf\">Bases del programa GALILEO<\/a><\/li>\n<\/ul>\n\n\n\n<p><\/p>\n\n\n\n<hr class=\"wp-block-separator has-alpha-channel-opacity\"\/>\n\n\n\n<h3 class=\"wp-block-heading\">Libros<\/h3>\n\n\n\n<p><a href=\"\/wp-content\/uploads\/2026\/03\/LIBRO-CONCEPTOS_DE_FISICA_FUNDAMENTAL.pdf\">Conceptos de F\u00edsica Fundamental<\/a><\/p>\n\n\n\n<h3 class=\"wp-block-heading\">Tablas de Contenido<\/h3>\n\n\n\n<h5 class=\"wp-block-heading\">Ciclo de primero b\u00e1sico<\/h5>\n\n\n\n<p><a href=\"\/wp-content\/uploads\/2026\/03\/CIENCIAS-NATURALES-PRIMERO-2026.pdf\">Ciencias Naturales Primero B\u00e1sico<\/a><\/p>\n\n\n\n<p><a href=\"\/wp-content\/uploads\/2026\/02\/ContenidosM1-26.pdf\" data-type=\"attachment\" data-id=\"760\">Matem\u00e1tica Primero B\u00e1sico<\/a><\/p>\n\n\n\n<h5 class=\"wp-block-heading\">Ciclo de segundo b\u00e1sico<\/h5>\n\n\n\n<p><a href=\"\/wp-content\/uploads\/2026\/03\/Contenidos-Ciencias-Naturales-II-2026.pdf\" data-type=\"attachment\" data-id=\"768\">Ciencias Naturales Segundo B\u00e1sico<\/a><\/p>\n\n\n\n<p><a href=\"\/wp-content\/uploads\/2026\/02\/ContenidosM2-26.pdf\" data-type=\"attachment\" data-id=\"759\">Matem\u00e1tica Segundo B\u00e1sico<\/a><\/p>\n\n\n\n<h5 class=\"wp-block-heading\">Ciclo de tercero b\u00e1sico<\/h5>\n\n\n\n<p><a href=\"\/wp-content\/uploads\/2026\/02\/FISICA-FUNDAMENTAL-2026.pdf\">F\u00edsica Fundamental<\/a><\/p>\n\n\n\n<p><a href=\"\/wp-content\/uploads\/2026\/02\/ContenidosM3-26.pdf\" data-type=\"attachment\" data-id=\"761\">Matem\u00e1tica Tercero B\u00e1sico<\/a><\/p>\n\n\n\n<h5 class=\"wp-block-heading\">Ciclo de diversificado<\/h5>\n\n\n\n<p><a href=\"\/wp-content\/uploads\/2026\/02\/Qui\u0301mica-2026.pdf\" data-type=\"link\" data-id=\"\/wp-content\/uploads\/2026\/02\/Qui\u0301mica-2026.pdf\">Qu\u00edmica<\/a><\/p>\n\n\n\n<p><a href=\"\/wp-content\/uploads\/2026\/03\/Tabla-Contenidos-ONC-Biologia-2026.docx.pdf\">Biolog\u00eda<\/a><\/p>\n\n\n\n<p><a href=\"\/wp-content\/uploads\/2026\/04\/FISICA-DIVERSIFICADO-2026.pdf\">F\u00edsica Diversificado<\/a><\/p>\n\n\n\n<p><a href=\"\/wp-content\/uploads\/2026\/02\/ContenidosMD-26.pdf\" data-type=\"attachment\" data-id=\"762\">Matem\u00e1tica Diversificado<\/a><\/p>\n\n\n\n<p><\/p>\n\n\n\n<h3 class=\"wp-block-heading\">Ejemplos de Pruebas<\/h3>\n\n\n\n<p><a href=\"\/wp-content\/uploads\/2026\/03\/Tabla-Contenidos-ONC-Biologia-2026.docx.pdf\">Biolog\u00eda<\/a><br><a href=\"\/wp-content\/uploads\/2023\/04\/FD_muestra_2023_230428_144212.pdf\">F\u00edsica Diversificado<\/a><br><a href=\"\/wp-content\/uploads\/2023\/04\/Quimica-Problemas_modelo_Fase_I_ONC_2023.pdf\">Qu\u00edmica<\/a><br><a href=\"https:\/\/olimpiada.ingenieria.usac.edu.gt\/wp-content\/uploads\/2023\/05\/CIENCIAS_1_EJEMPLO_DE_PREGUNTAS_2023.pdf\">Ciencias Naturales Primero B\u00e1sico<\/a><br><a href=\"https:\/\/olimpiada.ingenieria.usac.edu.gt\/wp-content\/uploads\/2023\/04\/CIENCIAS_2_PRUEBA_EJEMPLO_2023.pdf\">Ciencias Naturales Segundo B\u00e1sico<\/a><br><a href=\"https:\/\/olimpiada.ingenieria.usac.edu.gt\/wp-content\/uploads\/2023\/04\/FF_2023.pdf\">F\u00edsica Fundamental<\/a><br><a href=\"\/wp-content\/uploads\/2025\/04\/Nacional_mate_1ero_2023.pdf\">Matem\u00e1tica Primero B\u00e1sico<\/a> (fase nacional)<br><a href=\"\/wp-content\/uploads\/2025\/04\/Nacional_mate_2do_2022.pdf\">Matem\u00e1tica Segundo B\u00e1sico<\/a> (fase nacional)<br><a href=\"\/wp-content\/uploads\/2025\/04\/Nacional_mate_3ero_2023.pdf\">Matem\u00e1tica Tercero B\u00e1sico<\/a> (fase nacional)<br><a href=\"https:\/\/olimpiada.ingenieria.usac.edu.gt\/wp-content\/uploads\/2025\/04\/Nacional_mate_Diver_2024.pdf\">Matem\u00e1tica Diversificado<\/a> (fase nacional)<br><a href=\"\/wp-content\/uploads\/2025\/05\/Ejemplos-de-problemas-primero-1.pdf\" data-type=\"attachment\" data-id=\"596\">Matem\u00e1tica Primero B\u00e1sico<\/a> (Primera y segunda fase)<br><a href=\"\/wp-content\/uploads\/2025\/05\/Ejemplos-de-problemas-segundo-1.pdf\" data-type=\"attachment\" data-id=\"597\">Matem\u00e1tica Segundo B\u00e1sico<\/a> (Primera y segunda fase)<br><a href=\"\/wp-content\/uploads\/2025\/05\/Ejemplos-de-problemas-tercero-1.pdf\" data-type=\"attachment\" data-id=\"594\">Matem\u00e1tica Tercero B\u00e1sico<\/a> (Primera y segunda fase)<br><a href=\"\/wp-content\/uploads\/2025\/05\/Ejemplos-de-problemas-diversificado-1.pdf\" data-type=\"attachment\" data-id=\"595\">Matem\u00e1tica Diversificado<\/a> (Primera y segunda fase)<\/p>\n","protected":false},"excerpt":{"rendered":"<p>Bases Libros Conceptos de F\u00edsica Fundamental Tablas de Contenido Ciclo de primero b\u00e1sico Ciencias Naturales Primero B\u00e1sico Matem\u00e1tica Primero B\u00e1sico Ciclo de segundo b\u00e1sico Ciencias Naturales Segundo B\u00e1sico Matem\u00e1tica Segundo B\u00e1sico Ciclo de tercero b\u00e1sico F\u00edsica Fundamental Matem\u00e1tica Tercero B\u00e1sico Ciclo de diversificado Qu\u00edmica Biolog\u00eda F\u00edsica Diversificado Matem\u00e1tica Diversificado Ejemplos de Pruebas Biolog\u00edaF\u00edsica DiversificadoQu\u00edmicaCiencias Naturales [&hellip;]<\/p>\n","protected":false},"author":1,"featured_media":0,"parent":0,"menu_order":0,"comment_status":"closed","ping_status":"closed","template":"","meta":{"footnotes":""},"class_list":["post-61","page","type-page","status-publish","hentry"],"_links":{"self":[{"href":"https:\/\/olimpiada.ingenieria.usac.edu.gt\/index.php?rest_route=\/wp\/v2\/pages\/61","targetHints":{"allow":["GET"]}}],"collection":[{"href":"https:\/\/olimpiada.ingenieria.usac.edu.gt\/index.php?rest_route=\/wp\/v2\/pages"}],"about":[{"href":"https:\/\/olimpiada.ingenieria.usac.edu.gt\/index.php?rest_route=\/wp\/v2\/types\/page"}],"author":[{"embeddable":true,"href":"https:\/\/olimpiada.ingenieria.usac.edu.gt\/index.php?rest_route=\/wp\/v2\/users\/1"}],"replies":[{"embeddable":true,"href":"https:\/\/olimpiada.ingenieria.usac.edu.gt\/index.php?rest_route=%2Fwp%2Fv2%2Fcomments&post=61"}],"version-history":[{"count":55,"href":"https:\/\/olimpiada.ingenieria.usac.edu.gt\/index.php?rest_route=\/wp\/v2\/pages\/61\/revisions"}],"predecessor-version":[{"id":797,"href":"https:\/\/olimpiada.ingenieria.usac.edu.gt\/index.php?rest_route=\/wp\/v2\/pages\/61\/revisions\/797"}],"wp:attachment":[{"href":"https:\/\/olimpiada.ingenieria.usac.edu.gt\/index.php?rest_route=%2Fwp%2Fv2%2Fmedia&parent=61"}],"curies":[{"name":"wp","href":"https:\/\/api.w.org\/{rel}","templated":true}]}}