{"id":469,"date":"2024-08-23T10:45:45","date_gmt":"2024-08-23T16:45:45","guid":{"rendered":"https:\/\/olimpiada.ingenieria.usac.edu.gt\/?page_id=469"},"modified":"2025-04-25T15:38:08","modified_gmt":"2025-04-25T21:38:08","slug":"clasificados-de-la-segunda-etapa","status":"publish","type":"page","link":"https:\/\/olimpiada.ingenieria.usac.edu.gt\/?page_id=469","title":{"rendered":"Clasificados de la segunda etapa &#8211; 2024"},"content":{"rendered":"\n<p>\u00a1Felicitaciones a los ganadores y clasificados que pasan a la Competencia Nacional!<\/p>\n\n\n\n<table border=\"1\"><tbody><tr style=\"background:darkgray;\"><th>Apellidos<\/th><th>Nombre<\/th><th><strong>Instituci\u00f3n<\/strong><\/th><\/tr>\n<tr><th colspan=\"3\" style=\"align:center;background:blue;color:white;\">Biolog\u00eda de diversificado<\/th><\/tr>\n<tr><td>BATRES QUEVEDO<\/td><td>BAYRON NO\u00c9<\/td><td>COLEGIO BILING\u00dcE EN COMPUTACI\u00d3N SAN BERNAB\u00c9<\/td><\/tr>\n<tr style=\"background:LightGrey;\"><td>Cuellar Alvarado<\/td><td>Gabriela Rub\u00ed<\/td><td>COLEGIO CRISTIANO BILINGUE &#8220;VERBO&#8221;<\/td><\/tr>\n<tr><td>DE MATA ESTRADA<\/td><td>ADRIANA NOEM\u00cd<\/td><td>COLEGIO BILING\u00dcE EN COMPUTACI\u00d3N SAN BERNAB\u00c9<\/td><\/tr>\n<tr style=\"background:LightGrey;\"><td>Dubon Chun<\/td><td>Sherly Anah\u00ed Azucena<\/td><td>INSTITUTO DE BACHILLERATO ADS. AL INSTITUTO NORMAL MIXTO DEL NORTE EMILIO ROSALES PONCE<\/td><\/tr>\n<tr><td>Maaz Tello<\/td><td>Diego Vinicio<\/td><td>INSTITUTO DE BACHILLERATO ADS. AL INSTITUTO NORMAL MIXTO DEL NORTE EMILIO ROSALES PONCE<\/td><\/tr>\n<tr style=\"background:LightGrey;\"><td>RUSINCOY MARTIN<\/td><td>ANTHONY JOSU\u00c9<\/td><td>COLEGIO BILING\u00dcE EN COMPUTACI\u00d3N SAN BERNAB\u00c9<\/td><\/tr>\n<tr><td>SASO CUX<\/td><td>JOS\u00cdAS ELEAZAR TOM\u00c1S<\/td><td>INSTITUTO PRIVADO TECNOL\u00d3GICO INTERCONTINENTAL &#8220;SI\u00d3N&#8221;<\/td><\/tr>\n<tr style=\"background:LightGrey;\"><td>Sol\u00f3rzano Rivera<\/td><td>Eduardo Rafael Aidan<\/td><td>C0LEGIO MIXTO TERESA MARTIN<\/td><\/tr>\n<tr><td>Vaides Viduarre<\/td><td>Ram\u00f3n Alejandro<\/td><td>COLEGIO CRISTIANO BILINGUE &#8220;VERBO&#8221;<\/td><\/tr>\n<tr style=\"background:LightGrey;\"><td>Yucut\u00e9 Recinos<\/td><td>Anderson Estuardo<\/td><td>LICEO EN CIENCIA Y TECNOLOGIA DE OCCIDENTE<\/td><\/tr>\n<tr><th colspan=\"3\" style=\"align:center;background:blue;color:white;\">Ciencias Naturales de primero b\u00e1sico<\/th><\/tr>\n<tr><td>Aldana Segura<\/td><td>LOURDES MONSERRAT<\/td><td>INSTITUTO PRIVADO DE EDUCACI\u00d3N DIVERSIFICADA EL PORVENIR<\/td><\/tr>\n<tr style=\"background:LightGrey;\"><td>ARANGO DE LE\u00d3N<\/td><td>ANASOF\u00cdA<\/td><td>COLEGIO BILING\u00dcE EN COMPUTACI\u00d3N SAN BERNAB\u00c9<\/td><\/tr>\n<tr><td>BUC PADRE<\/td><td>CARMEN GABRIELA<\/td><td>COLEGIO BILING\u00dcE EN COMPUTACI\u00d3N SAN BERNAB\u00c9<\/td><\/tr>\n<tr style=\"background:LightGrey;\"><td>Cardenas Sepulveda<\/td><td>Adri\u00e1n Leonardo<\/td><td>INSTITUTO DE ESTUDIOS AVANZADOS DE OCCIDENTE<\/td><\/tr>\n<tr><td>Galvez<\/td><td>William<\/td><td>COLEGIO MONTANO CORTIJO<\/td><\/tr>\n<tr style=\"background:LightGrey;\"><td>Giron<\/td><td>Maria<\/td><td>COLEGIO BOSTON<\/td><\/tr>\n<tr><td>G\u00d3MEZ VALLE<\/td><td>KENNET JOSU\u00c9<\/td><td>COLEGIO LA SALLE<\/td><\/tr>\n<tr style=\"background:LightGrey;\"><td>JUAREZ<\/td><td>EDGAR HAROLDO<\/td><td>COLEGIO COBAN<\/td><\/tr>\n<tr><td>Rodas Vel\u00e1squez<\/td><td>MAR\u00cdA DEL ROSARIO<\/td><td>CENTRO DE ESTUDIOS DIVERSIFICADOS CED-QUETZALTENANGO<\/td><\/tr>\n<tr style=\"background:LightGrey;\"><td>ZU\u00d1IGA MART\u00cdNEZ<\/td><td>ANGEL SEBASTIAN<\/td><td>COLEGIO BILING\u00dcE EN COMPUTACI\u00d3N SAN BERNAB\u00c9<\/td><\/tr>\n<tr><th colspan=\"3\" style=\"align:center;background:blue;color:white;\">Ciencias Naturales de segundo b\u00e1sico<\/th><\/tr>\n<tr><td>Jim\u00e9nez Sequen<\/td><td>F\u00e1tima del Carmen<\/td><td>LICEO EN CIENCIA Y TECNOLOGIA DE OCCIDENTE<\/td><\/tr>\n<tr style=\"background:LightGrey;\"><td>Ju\u00e1rez Calzia<\/td><td>Emma<\/td><td>INSTITUTO PRIVADO MIXTO DE EDUCACION BASICA COLEGIO INTERNACIONAL MONTESSORI<\/td><\/tr>\n<tr><td>MONTENEGRO ARMAS<\/td><td>STEPHANY NICOLLE<\/td><td>COLEGIO LA SALLE<\/td><\/tr>\n<tr style=\"background:LightGrey;\"><td>Rodr\u00edguez Aparicio<\/td><td>Juan Andr\u00e9s<\/td><td>INSTITUTO PRIVADO MIXTO DE EDUCACION BASICA COLEGIO INTERNACIONAL MONTESSORI<\/td><\/tr>\n<tr><td>Rosales Acevedo<\/td><td>Daniela Sofia<\/td><td>INSTITUTO DE ESTUDIOS AVANZADOS DE OCCIDENTE<\/td><\/tr>\n<tr style=\"background:LightGrey;\"><td>SUL\u00c1 ANONA<\/td><td>DELMY AMALIA<\/td><td>COLEGIO BILING\u00dcE EN COMPUTACI\u00d3N SAN BERNAB\u00c9<\/td><\/tr>\n<tr><td>TAGUAL LEAL<\/td><td>FRIDDA SHECYD<\/td><td>COLEGIO BILING\u00dcE EN COMPUTACI\u00d3N SAN BERNAB\u00c9<\/td><\/tr>\n<tr style=\"background:LightGrey;\"><td>TUYUC CASTRO<\/td><td>MAYLIN CLARITA<\/td><td>COLEGIO BILING\u00dcE EN COMPUTACI\u00d3N SAN BERNAB\u00c9<\/td><\/tr>\n<tr><td>V\u00e1squez Barillas<\/td><td>Ariadne Raquel<\/td><td>COLEGIO COBAN<\/td><\/tr>\n<tr style=\"background:LightGrey;\"><td>Zapata Santos<\/td><td>Danna Sof\u00eda<\/td><td>COLEGIO SUIZO AMERICANO<\/td><\/tr>\n<tr><th colspan=\"3\" style=\"align:center;background:blue;color:white;\">F\u00edsica de diversificado<\/th><\/tr>\n<tr><td>Curruchich Buch<\/td><td>Carlos Manuel<\/td><td>LICEO EN CIENCIA Y TECNOLOGIA DE OCCIDENTE<\/td><\/tr>\n<tr style=\"background:LightGrey;\"><td>Ixquiac Madrigales<\/td><td>Paula Lorena<\/td><td>INSTITUTO DE ESTUDIOS AVANZADOS DE OCCIDENTE<\/td><\/tr>\n<tr><td>Ju\u00e1rez Coc<\/td><td>Isaura Angel\u00edca<\/td><td>INSTITUTO DE BACHILLERATO ADS. AL INSTITUTO NORMAL MIXTO DEL NORTE EMILIO ROSALES PONCE<\/td><\/tr>\n<tr style=\"background:LightGrey;\"><td>Lavagnino S\u00e1nchez<\/td><td>Pablo Alberto<\/td><td>COLEGIO SUIZO AMERICANO<\/td><\/tr>\n<tr><td>Leiva Jim\u00e9nez<\/td><td>Carlos Andr\u00e9s<\/td><td>COLEGIO MONTANO CORTIJO<\/td><\/tr>\n<tr style=\"background:LightGrey;\"><td>L\u00f3pez Corzo<\/td><td>Ricardo Sebastian<\/td><td>CENTRO ESCOLAR &#8216;EL ROBLE&#8217;<\/td><\/tr>\n<tr><td>Matute L\u00f3pez<\/td><td>Diego Alejandro<\/td><td>COLEGIO SUIZO AMERICANO<\/td><\/tr>\n<tr style=\"background:LightGrey;\"><td>Mazariegos Alonzo<\/td><td>Sennet Kevyn Arnoldo<\/td><td>INSTITUTO DE ESTUDIOS AVANZADOS DE OCCIDENTE<\/td><\/tr>\n<tr><td>V\u00c1SQUEZ YAX<\/td><td>JAIRO DAR\u00cdO<\/td><td>COLEGIO BILING\u00dcE EN COMPUTACI\u00d3N SAN BERNAB\u00c9<\/td><\/tr>\n<tr style=\"background:LightGrey;\"><td>Yanes Mor\u00e1n<\/td><td>Gabriel Jos\u00e9<\/td><td>INSTITUTO TECNOLOGICO BILINGUE<\/td><\/tr>\n<tr><th colspan=\"3\" style=\"align:center;background:blue;color:white;\">F\u00edsica Fundamental de tercero b\u00e1sico<\/th><\/tr>\n<tr><td>Ar\u00e9valo<\/td><td>Diego<\/td><td>COLEGIO CENTRO DE APRENDIZAJE INTELECTO INTELLEGO<\/td><\/tr>\n<tr style=\"background:LightGrey;\"><td>AR\u00c9VALO BAUTISTA<\/td><td>Adrian Alejandro<\/td><td>COLEGIO BILING\u00dcE EN COMPUTACI\u00d3N SAN BERNAB\u00c9<\/td><\/tr>\n<tr><td>Ayala D\u00edaz<\/td><td>Javier Andres<\/td><td>MONTANO COLLEGE<\/td><\/tr>\n<tr style=\"background:LightGrey;\"><td>CALDER\u00d3N MOLINA<\/td><td>ANGEL FABRICIO<\/td><td>COLEGIO BILING\u00dcE EN COMPUTACI\u00d3N SAN BERNAB\u00c9<\/td><\/tr>\n<tr><td>C\u00e1rcamo Paiz<\/td><td>Pablo Enrique<\/td><td>CENTRO ESCOLAR &#8216;EL ROBLE&#8217;<\/td><\/tr>\n<tr style=\"background:LightGrey;\"><td>Mazariegos Cardona<\/td><td>Rodrigo Jos\u00e9<\/td><td>COLEGIO PRIVADO MIXTO &#8220;SUIZO QUETZALTENANGO&#8221;<\/td><\/tr>\n<tr><td>Mej\u00eda Mendoza<\/td><td>Francisco Fernando<\/td><td>INEB<\/td><\/tr>\n<tr style=\"background:LightGrey;\"><td>Morales Melgar<\/td><td>Nathan Ilian<\/td><td>INSTITUTO DE ESTUDIOS AVANZADOS DE OCCIDENTE<\/td><\/tr>\n<tr><td>MOSCOSO CABRERA<\/td><td>MELVIN MANUEL<\/td><td>ESCUELA TECNICA CIENCIA APLICADA ESTECA-PC<\/td><\/tr>\n<tr style=\"background:LightGrey;\"><td>SUL\u00c1 SOLLOY<\/td><td>ANGELA ROCIO<\/td><td>COLEGIO BILING\u00dcE EN COMPUTACI\u00d3N SAN BERNAB\u00c9<\/td><\/tr>\n<tr><th colspan=\"3\" style=\"align:center;background:blue;color:white;\">Matem\u00e1tica de diversificado<\/th><\/tr>\n<tr><td>AGUILAR GARC\u00cdA<\/td><td>JONATAN DANIEL<\/td><td>COLEGIO &#8216;NUESTRA SE\u00d1ORA DEL ROSARIO&#8217;<\/td><\/tr>\n<tr style=\"background:LightGrey;\"><td>Alvarado L\u00f3pez<\/td><td>Andr\u00e9s Roberto<\/td><td>LICEO DR. RICARDO BRESSANI<\/td><\/tr>\n<tr><td>CANCAX MACH\u00c1N<\/td><td>Miguel Antonio<\/td><td>COLEGIO BILING\u00dcE EN COMPUTACI\u00d3N SAN BERNAB\u00c9<\/td><\/tr>\n<tr style=\"background:LightGrey;\"><td>de la Cruz Sarg<\/td><td>Paulo Fab\u00edan<\/td><td>COLEGIO COBAN<\/td><\/tr>\n<tr><td>FLORES CHAVEZ<\/td><td>Juan Pablo<\/td><td>COLEGIO SUIZO AMERICANO SAN CRISTOBAL<\/td><\/tr>\n<tr style=\"background:LightGrey;\"><td>Lee Putzeys<\/td><td>Patrick Jacobo<\/td><td>COLEGIO SUIZO AMERICANO SAN CRISTOBAL<\/td><\/tr>\n<tr><td>N\u00e1jera de Paz<\/td><td>Daniel Alfredo<\/td><td>MONTANO COLLEGE<\/td><\/tr>\n<tr style=\"background:LightGrey;\"><td>PACHECO CARRANZA<\/td><td>PABLO JOSU\u00c9<\/td><td>CENTRO EDUCATIVO INTEGRAL CASA DEL ALFARERO<\/td><\/tr>\n<tr><td>TOJ CASTELLANOS<\/td><td>Jonathan Josu\u00e9<\/td><td>COLEGIO BILING\u00dcE EN COMPUTACI\u00d3N SAN BERNAB\u00c9<\/td><\/tr>\n<tr style=\"background:LightGrey;\"><td>VEL\u00c1SQUEZ SAQUIC<\/td><td>Jos\u00e9 Ernesto<\/td><td>COLEGIO BILING\u00dcE EN COMPUTACI\u00d3N SAN BERNAB\u00c9<\/td><\/tr>\n<tr><th colspan=\"3\" style=\"align:center;background:blue;color:white;\">Matem\u00e1tica de primero b\u00e1sico<\/th><\/tr>\n<tr><td>ARRIOLA P\u00c9REZ<\/td><td>ALESSANDRO EMANUEL<\/td><td>COLEGIO BILING\u00dcE EN COMPUTACI\u00d3N SAN BERNAB\u00c9<\/td><\/tr>\n<tr style=\"background:LightGrey;\"><td>Duque Retana<\/td><td>Eliezzer Emmanuel<\/td><td>INSTITUTO TECNOLOGICO BILINGUE<\/td><\/tr>\n<tr><td>Fausto Gir\u00f3n<\/td><td>F\u00e1tima Mar\u00eda<\/td><td>COLEGIO SUIZO AMERICANO SAN CRISTOBAL<\/td><\/tr>\n<tr style=\"background:LightGrey;\"><td>GARC\u00cdA R\u00cdOS<\/td><td>URIEL YAHIR<\/td><td>COLEGIO MESOAMERICANO MOMOSTENANGO<\/td><\/tr>\n<tr><td>Gil Zacar\u00edas<\/td><td>Abel Agusto<\/td><td>COLEGIO PRIVADO MIXTO &#8220;SUIZO QUETZALTENANGO&#8221;<\/td><\/tr>\n<tr style=\"background:LightGrey;\"><td>Gonz\u00e1les Flores<\/td><td>Sebastian<\/td><td>COLEGIO VALLE VERDE CES<\/td><\/tr>\n<tr><td>L\u00f3pez Lam<\/td><td>SANTIAGO<\/td><td>INSTITUTO PRIVADO MIXTO DE EDUCACION BASICA COLEGIO INTERNACIONAL MONTESSORI<\/td><\/tr>\n<tr style=\"background:LightGrey;\"><td>REYES ALBIZURES<\/td><td>F\u00c1TIMA CONCEPCI\u00d2N<\/td><td>COLEGIO BILING\u00dcE EN COMPUTACI\u00d3N SAN BERNAB\u00c9<\/td><\/tr>\n<tr><td>SALAZAR CURRUCHICHE<\/td><td>RODRIGO SEBASTIAN<\/td><td>COLEGIO BILING\u00dcE EN COMPUTACI\u00d3N SAN BERNAB\u00c9<\/td><\/tr>\n<tr style=\"background:LightGrey;\"><td>Villegas Aguirre<\/td><td>Jos\u00e9 Carlos<\/td><td>COLEGIO BYS (BEEHIVE FOR YOUNG STUDENTS)<\/td><\/tr>\n<tr><th colspan=\"3\" style=\"align:center;background:blue;color:white;\">Matem\u00e1tica de segundo b\u00e1sico<\/th><\/tr>\n<tr><td>CAMEY TOH\u00d3N<\/td><td>Emily Alejandra<\/td><td>COLEGIO BILING\u00dcE EN COMPUTACI\u00d3N SAN BERNAB\u00c9<\/td><\/tr>\n<tr style=\"background:LightGrey;\"><td>CANCAX MACH\u00c1N<\/td><td>MARCOS ALEJANDRO<\/td><td>COLEGIO BILING\u00dcE EN COMPUTACI\u00d3N SAN BERNAB\u00c9<\/td><\/tr>\n<tr><td>CURRUCHICH FIGUEROA<\/td><td>ANGEL MANUEL<\/td><td>COLEGIO BILING\u00dcE EN COMPUTACI\u00d3N SAN BERNAB\u00c9<\/td><\/tr>\n<tr style=\"background:LightGrey;\"><td>Garc\u00eda Guti\u00e9rrez<\/td><td>Oscar Fabi\u00e1n<\/td><td>COLEGIO CAPOUILLIEZ<\/td><\/tr>\n<tr><td>Garc\u00eda Minera<\/td><td>Andrea Valentina<\/td><td>CENTRO ESCOLAR &#8220;CAMPOALEGRE&#8221;<\/td><\/tr>\n<tr style=\"background:LightGrey;\"><td>Montano Alvarado<\/td><td>Fabi\u00e1n<\/td><td>MONTANO COLLEGE<\/td><\/tr>\n<tr><td>Monterroso Morales<\/td><td>Sergio Alessandro<\/td><td>COLEGIO CAPOUILLIEZ<\/td><\/tr>\n<tr style=\"background:LightGrey;\"><td>Oviedo Iscamey<\/td><td>JOS\u00c9 ANGEL<\/td><td>COLEGIO COLONIAL BILINGUE<\/td><\/tr>\n<tr><td>Roblero P\u00e9rez<\/td><td>Wenceslao Octavio<\/td><td>COLEGIO PARTICULAR MIXTO &#8220;SANTA ANA&#8221;<\/td><\/tr>\n<tr style=\"background:LightGrey;\"><td>Santos Sagastume<\/td><td>Paolo Andr\u00e9s<\/td><td>COLEGIO SUIZO AMERICANO<\/td><\/tr>\n<tr><th colspan=\"3\" style=\"align:center;background:blue;color:white;\">Matem\u00e1tica de tercero b\u00e1sico<\/th><\/tr>\n<tr><td>Ayerdi Hurtado<\/td><td>Cynthia Mar\u00eda<\/td><td>COLEGIO SUIZO AMERICANO<\/td><\/tr>\n<tr style=\"background:LightGrey;\"><td>Castillo Dard\u00f3n<\/td><td>Luis Enrique<\/td><td>COLEGIO CAPOUILLIEZ<\/td><\/tr>\n<tr><td>Fuentes Gamboa<\/td><td>MAR\u00cdA FERNANDA<\/td><td>COLEGIO PRIVADO MIXTO &#8220;SUIZO QUETZALTENANGO&#8221;<\/td><\/tr>\n<tr style=\"background:LightGrey;\"><td>Hern\u00e1ndez Cruz<\/td><td>Yessica Valeria<\/td><td>COLEGIO PARTICULAR MIXTO &#8220;SANTA ANA&#8221;<\/td><\/tr>\n<tr><td>Jo Chang<\/td><td>Jos\u00e9 Gerardo<\/td><td>CENTRO ESCOLAR SOLALTO<\/td><\/tr>\n<tr style=\"background:LightGrey;\"><td>MARROQU\u00cdN CARCUZ<\/td><td>CELESTE MIRNA LISSETTE<\/td><td>COLEGIO BILING\u00dcE EN COMPUTACI\u00d3N SAN BERNAB\u00c9<\/td><\/tr>\n<tr><td>Miguel Samayoa<\/td><td>Jos\u00e9 Roberto<\/td><td>MONTANO COLLEGE<\/td><\/tr>\n<tr style=\"background:LightGrey;\"><td>MURALLES HERRARTE<\/td><td>JOSE DANIEL<\/td><td>COLEGIO SUIZO AMERICANO SAN CRISTOBAL<\/td><\/tr>\n<tr><td>Reyes Colomo<\/td><td>Luis Adolfo<\/td><td>COLEGIO PRIVADO MIXTO &#8220;SUIZO QUETZALTENANGO&#8221;<\/td><\/tr>\n<tr style=\"background:LightGrey;\"><td>SAL ESCOBAR<\/td><td>JEFFERSON DARIEL<\/td><td>COLEGIO BILING\u00dcE EN COMPUTACI\u00d3N SAN BERNAB\u00c9<\/td><\/tr>\n<tr><th colspan=\"3\" style=\"align:center;background:blue;color:white;\">Qu\u00edmica de diversificado<\/th><\/tr>\n<tr><td>ESCOBAR MATZIR<\/td><td>PABLO JUAN CARLOS<\/td><td>COLEGIO BILING\u00dcE EN COMPUTACI\u00d3N SAN BERNAB\u00c9<\/td><\/tr>\n<tr style=\"background:LightGrey;\"><td>Gonz\u00e1lez S\u00e1nchez<\/td><td>Abel Alexander<\/td><td>INSTITUTO DE BACHILLERATO ADS. AL INSTITUTO NORMAL MIXTO DEL NORTE EMILIO ROSALES PONCE<\/td><\/tr>\n<tr><td>ILL\u00da XI\u00c1<\/td><td>HENRY EMMANUEL<\/td><td>COLEGIO BILING\u00dcE EN COMPUTACI\u00d3N SAN BERNAB\u00c9<\/td><\/tr>\n<tr style=\"background:LightGrey;\"><td>Martinez Orozco<\/td><td>Rudy Fernando<\/td><td>INSTITUTO TECNICO EMPRESARIAL<\/td><\/tr>\n<tr><td>P\u00c9REZ PANIAGUA<\/td><td>Diego Andr\u00e9s<\/td><td>LICEO SAN MATEO<\/td><\/tr>\n<tr style=\"background:LightGrey;\"><td>Perobal Esquit<\/td><td>Diego Armando<\/td><td>LICEO EN CIENCIA Y TECNOLOGIA DE OCCIDENTE<\/td><\/tr>\n<tr><td>RAM\u00cdREZ RODR\u00cdGUEZ<\/td><td>Dalila Rosinee<\/td><td>INSTITUTO TECNOLOGICO BILINGUE<\/td><\/tr>\n<tr style=\"background:LightGrey;\"><td>SIMAJ SAY<\/td><td>ROSE JOANNA GUADALUPE<\/td><td>COLEGIO EVANGELICO METODISTA UTATLAN<\/td><\/tr>\n<tr><td>Tuyuc Noj<\/td><td>Jos\u00e9 Pablo<\/td><td>LICEO EN CIENCIA Y TECNOLOGIA DE OCCIDENTE<\/td><\/tr>\n<tr style=\"background:LightGrey;\"><td>Vargas Castellanos<\/td><td>Mayra Sofia<\/td><td>MONTANO COLLEGE<\/td><\/tr>\n<\/tbody><\/table>\n\n\n\n\n<p><\/p>\n","protected":false},"excerpt":{"rendered":"<p>\u00a1Felicitaciones a los ganadores y clasificados que pasan a la Competencia Nacional! Apellidos Nombre Instituci\u00f3n Biolog\u00eda de diversificado BATRES QUEVEDO BAYRON NO\u00c9 COLEGIO BILING\u00dcE EN COMPUTACI\u00d3N SAN BERNAB\u00c9 Cuellar Alvarado Gabriela Rub\u00ed COLEGIO CRISTIANO BILINGUE &#8220;VERBO&#8221; DE MATA ESTRADA ADRIANA NOEM\u00cd COLEGIO BILING\u00dcE EN COMPUTACI\u00d3N SAN BERNAB\u00c9 Dubon Chun Sherly Anah\u00ed Azucena INSTITUTO DE BACHILLERATO [&hellip;]<\/p>\n","protected":false},"author":1,"featured_media":0,"parent":0,"menu_order":0,"comment_status":"closed","ping_status":"closed","template":"","meta":{"footnotes":""},"class_list":["post-469","page","type-page","status-publish","hentry"],"_links":{"self":[{"href":"https:\/\/olimpiada.ingenieria.usac.edu.gt\/index.php?rest_route=\/wp\/v2\/pages\/469","targetHints":{"allow":["GET"]}}],"collection":[{"href":"https:\/\/olimpiada.ingenieria.usac.edu.gt\/index.php?rest_route=\/wp\/v2\/pages"}],"about":[{"href":"https:\/\/olimpiada.ingenieria.usac.edu.gt\/index.php?rest_route=\/wp\/v2\/types\/page"}],"author":[{"embeddable":true,"href":"https:\/\/olimpiada.ingenieria.usac.edu.gt\/index.php?rest_route=\/wp\/v2\/users\/1"}],"replies":[{"embeddable":true,"href":"https:\/\/olimpiada.ingenieria.usac.edu.gt\/index.php?rest_route=%2Fwp%2Fv2%2Fcomments&post=469"}],"version-history":[{"count":6,"href":"https:\/\/olimpiada.ingenieria.usac.edu.gt\/index.php?rest_route=\/wp\/v2\/pages\/469\/revisions"}],"predecessor-version":[{"id":576,"href":"https:\/\/olimpiada.ingenieria.usac.edu.gt\/index.php?rest_route=\/wp\/v2\/pages\/469\/revisions\/576"}],"wp:attachment":[{"href":"https:\/\/olimpiada.ingenieria.usac.edu.gt\/index.php?rest_route=%2Fwp%2Fv2%2Fmedia&parent=469"}],"curies":[{"name":"wp","href":"https:\/\/api.w.org\/{rel}","templated":true}]}}