{"id":409,"date":"2024-07-27T16:15:32","date_gmt":"2024-07-27T22:15:32","guid":{"rendered":"https:\/\/olimpiada.ingenieria.usac.edu.gt\/?page_id=409"},"modified":"2025-08-01T06:38:45","modified_gmt":"2025-08-01T12:38:45","slug":"sedes-para-la-segunda-etapa","status":"publish","type":"page","link":"https:\/\/olimpiada.ingenieria.usac.edu.gt\/?page_id=409","title":{"rendered":"Sedes para la segunda etapa 2024"},"content":{"rendered":"\n<p>Estas son las sedes para realizar la segunda etapa el 9\/agosto a las 8:00, la cual ser\u00e1 presencial impresa.<\/p>\n\n\n\n<figure class=\"wp-block-table is-style-stripes\"><table><tbody><tr><td><strong>DEPARTAMENTO<\/strong><\/td><td><strong>SEDE<\/strong><\/td><td><strong>LOCALIDAD<\/strong><\/td><\/tr><tr><td>ALTA VERAPAZ<\/td><td>Instituto Normal Mixto del Norte &#8220;Emilio Rosales Ponce&#8221;<br>Tel\u00e9fonos:&nbsp;7952 1468\/5445 7786<br>Director:&nbsp;Lic. Victor Hugo Dominguez<\/td><td><center><a target=\"_blank\" href=\"https:\/\/www.google.com\/maps\/place\/15.476968020722879,-90.36999217650313\" rel=\"noopener\"><img decoding=\"async\" src=\"\/wp-content\/uploads\/2024\/07\/mapa-p.png\"><\/a><\/center><\/td><\/tr><tr><td>BAJA VERAPAZ<\/td><td>Instituto Nacional de Educaci\u00f3n B\u00e1sica Experimental INEBE. 5av. 4-74 Salam\u00e1.<br>Tel\u00e9fonos:&nbsp;4296 5549<br>Director:&nbsp;Billy Estuardo Zuleta<\/td><td><center><a target=\"_blank\" href=\"https:\/\/www.google.com\/maps\/place\/15.102771909072784,-90.32169563418307\" rel=\"noopener\"><img decoding=\"async\" src=\"\/wp-content\/uploads\/2024\/07\/mapa-p.png\"><\/a><\/center><\/td><\/tr><tr><td>CHIMALTENANGO<\/td><td>Colegio en Ciencia y Tecnolog\u00eda de Occidente &#8220;Las \u00c1guilas&#8221;<br>Tel\u00e9fonos: 48858241 &#8211; 30454299<br>Director: Sandra Noem\u00ed Ortiz Estrada<\/td><td><center><a target=\"_blank\" href=\"https:\/\/www.google.com\/maps\/place\/14.652479088228176,-90.8149571099549\" rel=\"noopener\"><img decoding=\"async\" src=\"\/wp-content\/uploads\/2024\/07\/mapa-p.png\"><\/a><\/center><\/td><\/tr><tr><td>CHIQUIMULA<\/td><td>Colegio &#8220;Liceo La Salle &#8220;<br>Tel\u00e9fonos:&nbsp;79420328<br>Director:&nbsp;David Enrique M\u00e9ndez L\u00f3pez<\/td><td><center><a target=\"_blank\" href=\"https:\/\/www.google.com\/maps\/place\/14.796749259576545,-89.54948877407303\" rel=\"noopener\"><img decoding=\"async\" src=\"\/wp-content\/uploads\/2024\/07\/mapa-p.png\"><\/a><\/center><\/td><\/tr><tr><td>EL PROGRESO<\/td><td>Escuela T\u00e9cnica Ciencia Aplicada ESTECA &#8211; PC&nbsp;<\/td><td><center><a target=\"_blank\" href=\"https:\/\/www.google.com\/maps\/place\/14.781956555976386,-90.19708634817803\" rel=\"noopener\"><img decoding=\"async\" src=\"\/wp-content\/uploads\/2024\/07\/mapa-p.png\"><\/a><\/center><\/td><\/tr><tr><td>ESCUINTLA<\/td><td>Instituto Experimental Carlos Samayoa Chihchilla.<br>Tel\u00e9fonos:&nbsp;5029 8663<br>Director:&nbsp;Julvia Castellanos<\/td><td><center><a target=\"_blank\" href=\"https:\/\/www.google.com\/maps\/place\/14.294785309287153,-90.78559052070757\" rel=\"noopener\"><img decoding=\"async\" src=\"\/wp-content\/uploads\/2024\/07\/mapa-p.png\"><\/a><\/center><\/td><\/tr><tr><td>GUATEMALA<\/td><td>Escuela de Formaci\u00f3n de Profesores de Ense\u00f1anza Media EFPEM, Universidad de San Carlos de Guatemala, Ciudad Universitaria zona 12. M\u00f3dulo C&nbsp;<\/td><td><center><a target=\"_blank\" href=\"https:\/\/www.google.com\/maps\/place\/14.588321342661597,-90.54546190585593\" rel=\"noopener\"><img decoding=\"async\" src=\"\/wp-content\/uploads\/2024\/07\/mapa-p.png\"><\/a><\/center><\/td><\/tr><tr><td>HUEHUETENANGO<\/td><td>Universidad Rafael Land\u00edvar,&nbsp; aldea Corral Chiquito zona 8, Huehuetenango.&nbsp;<\/td><td><center><a target=\"_blank\" href=\"https:\/\/www.google.com\/maps\/place\/15.323949786517987,-91.49501454226156\" rel=\"noopener\"><img decoding=\"async\" src=\"\/wp-content\/uploads\/2024\/07\/mapa-p.png\"><\/a><\/center><\/td><\/tr><tr><td>IZABAL<\/td><td>Instituto Nacional de Educaci\u00f3n B\u00e1sica Experimental Dr. Luis Pasteur<br>Tel\u00e9fonos:&nbsp;79480792<br>Director:&nbsp;OLGA LETICIA TENAS MARTINEZ<\/td><td><center><a target=\"_blank\" href=\"https:\/\/www.google.com\/maps\/place\/15.726077857107986,-88.59609113466047\" rel=\"noopener\"><img decoding=\"async\" src=\"\/wp-content\/uploads\/2024\/07\/mapa-p.png\"><\/a><\/center><\/td><\/tr><tr><td>JALAPA<\/td><td>Instituto Experimental Silvano Antonio Car\u00edas Recinos<br>Tel\u00e9fonos:&nbsp;30180455<br>Director:&nbsp;Marco Antonio Estrada L\u00e9mus<\/td><td><center><a target=\"_blank\" href=\"https:\/\/www.google.com\/maps\/place\/14.639662457430878,-89.99238307701822\" rel=\"noopener\"><img decoding=\"async\" src=\"\/wp-content\/uploads\/2024\/07\/mapa-p.png\"><\/a><\/center><\/td><\/tr><tr><td>JUTIAPA<\/td><td>Universidad Panamericana Campus Jutiapa<br>Tel\u00e9fonos:&nbsp;1779 ext 03013<br>Director:&nbsp;Carlos Ju\u00e1rez \u00c1lvarez<\/td><td><center><a target=\"_blank\" href=\"https:\/\/www.google.com\/maps\/place\/14.289568717981009,-89.88985396168225\" rel=\"noopener\"><img decoding=\"async\" src=\"\/wp-content\/uploads\/2024\/07\/mapa-p.png\"><\/a><\/center><\/td><\/tr><tr><td>PET\u00c9N<\/td><td>Centro Universitario Departamental CUDEP<br>Tel\u00e9fonos:&nbsp;5475 4589<br>Director:&nbsp;Ing. Henry Vasquez Kikan<\/td><td><center><a target=\"_blank\" href=\"https:\/\/www.google.com\/maps\/place\/16.9188348642109,-89.88544416716964\" rel=\"noopener\"><img decoding=\"async\" src=\"\/wp-content\/uploads\/2024\/07\/mapa-p.png\"><\/a><\/center><\/td><\/tr><tr><td>QUETZALTENANGO<\/td><td>Centro Universitario de Occidente CUNOC, Quetzaltenango.<br>Tel\u00e9fonos:&nbsp;7873 0000 Ext. 2304<br>Director:&nbsp;5937 6013<\/td><td><center><a target=\"_blank\" href=\"https:\/\/www.google.com\/maps\/place\/14.845297158712919,-91.53508660535242\" rel=\"noopener\"><img decoding=\"async\" src=\"\/wp-content\/uploads\/2024\/07\/mapa-p.png\"><\/a><\/center><\/td><\/tr><tr><td>QUICH\u00c9<\/td><td>Colegio Evang\u00e9lico Metodista &#8220;Utatl\u00e1n&#8221;A la par de Universidad Mariano Galvez<br>Tel\u00e9fonos:&nbsp;7755 1551<br>Director:&nbsp;Luis Humberto Echeverr\u00eda.<\/td><td><center><a target=\"_blank\" href=\"https:\/\/www.google.com\/maps\/place\/15.029932446346468,-91.14446043418538\" rel=\"noopener\"><img decoding=\"async\" src=\"\/wp-content\/uploads\/2024\/07\/mapa-p.png\"><\/a><\/center><\/td><\/tr><tr><td>RETALHULEU<\/td><td>Colegio Evang\u00e9lico Sinah\u00ed &#8220;El Pedregal&#8221;<br>Tel\u00e9fonos:&nbsp;7771 3085 y 56914869<br>Director:&nbsp;Licenciada Socabeth<\/td><td><center><a target=\"_blank\" href=\"https:\/\/www.google.com\/maps\/place\/14.536256214648363,-91.68326892070282\" rel=\"noopener\"><img decoding=\"async\" src=\"\/wp-content\/uploads\/2024\/07\/mapa-p.png\"><\/a><\/center><\/td><\/tr><tr><td>SACATEP\u00c9QUEZ<\/td><td>COLEGIO LA SALLE LA ANTIGUA GUATEMALA<br>Tel\u00e9fonos:&nbsp;78320556<br>Director:&nbsp;Marta Julia de Le\u00f3n Garc\u00eda<\/td><td><center><a target=\"_blank\" href=\"https:\/\/www.google.com\/maps\/place\/14.562245269863595,-90.73348696354411\" rel=\"noopener\"><img decoding=\"async\" src=\"\/wp-content\/uploads\/2024\/07\/mapa-p.png\"><\/a><\/center><\/td><\/tr><tr><td>SAN MARCOS<\/td><td>INSTITUTO NACIONAL DE EDUCACI\u00d3N DIVERSIFICADA DE OCCIDENTE&nbsp;<\/td><td><center>&nbsp;<\/center><\/td><\/tr><tr><td>SANTA ROSA<\/td><td>Colegio Tecnol\u00f3gico Mixto Biling\u00fce &#8220;Belen&#8221;<br>Tel\u00e9fonos:&nbsp;7887 1717<br>Director:&nbsp;Lic. Ludwin Francisco Blanco Ch.<\/td><td><center><a target=\"_blank\" href=\"https:\/\/www.google.com\/maps\/place\/14.309615597518905,-90.36004294954331\" rel=\"noopener\"><img decoding=\"async\" src=\"\/wp-content\/uploads\/2024\/07\/mapa-p.png\"><\/a><\/center><\/td><\/tr><tr><td>SOLOL\u00c1<\/td><td>Liceo Tecnol\u00f3gico Biling\u00fce Cuauhtemallan de Solol\u00e1, Nota ubicaci\u00f3n del Liceo sede: Caseri\u00f3 Cayal\u00e1, aldea el Tabl\u00f3n, Solol\u00e1, Solol\u00e1.<br>Tel\u00e9fonos:&nbsp;3592 3669-58237894<br>Director:&nbsp;Moises Guarcax Chiroy<\/td><td><center><a target=\"_blank\" href=\"https:\/\/www.google.com\/maps\/place\/14.804925679886123,-91.18404541406079\" rel=\"noopener\"><img decoding=\"async\" src=\"\/wp-content\/uploads\/2024\/07\/mapa-p.png\"><\/a><\/center><\/td><\/tr><tr><td>SUCHITEP\u00c9QUEZ<\/td><td>Instituto Experimental Julio C\u00e9sar M\u00e9ndez Montenegro. J.M.<br>Tel\u00e9fonos:&nbsp;5414 2247<br>Director:&nbsp;Claudia Lorena Mart\u00ednez<\/td><td><center><a target=\"_blank\" href=\"https:\/\/www.google.com\/maps\/place\/14.532583592029324,-91.51121608014378\" rel=\"noopener\"><img decoding=\"async\" src=\"\/wp-content\/uploads\/2024\/07\/mapa-p.png\"><\/a><\/center><\/td><\/tr><tr><td>TOTONICAP\u00c1N<\/td><td>Colegio Adventista Maranatha Totonicap\u00e1n<br>Tel\u00e9fonos:&nbsp;77661520<br>Director:&nbsp;Patrocinio Abelino Tzul Barreno<\/td><td><center><a target=\"_blank\" href=\"https:\/\/www.google.com\/maps\/place\/14.910141805422663,-91.37310210584721\" rel=\"noopener\"><img decoding=\"async\" src=\"\/wp-content\/uploads\/2024\/07\/mapa-p.png\"><\/a><\/center><\/td><\/tr><tr><td>ZACAPA<\/td><td>Escuela Normal del Nororiente. Km. 2.5 Carretera a Manzanotes, Zacapa.<br>Tel\u00e9fonos:&nbsp;7941 4187<br>Director:&nbsp;Ana Edelmira Cord\u00f3n Garcia<\/td><td><center><a target=\"_blank\" href=\"https:\/\/www.google.com\/maps\/place\/14.992005620980668,-89.53909911939155\" rel=\"noopener\"><img decoding=\"async\" src=\"\/wp-content\/uploads\/2024\/07\/mapa-p.png\"><\/a><\/center><\/td><\/tr><\/tbody><\/table><\/figure>\n","protected":false},"excerpt":{"rendered":"<p>Estas son las sedes para realizar la segunda etapa el 9\/agosto a las 8:00, la cual ser\u00e1 presencial impresa. DEPARTAMENTO SEDE LOCALIDAD ALTA VERAPAZ Instituto Normal Mixto del Norte &#8220;Emilio Rosales Ponce&#8221;Tel\u00e9fonos:&nbsp;7952 1468\/5445 7786Director:&nbsp;Lic. Victor Hugo Dominguez BAJA VERAPAZ Instituto Nacional de Educaci\u00f3n B\u00e1sica Experimental INEBE. 5av. 4-74 Salam\u00e1.Tel\u00e9fonos:&nbsp;4296 5549Director:&nbsp;Billy Estuardo Zuleta CHIMALTENANGO Colegio en [&hellip;]<\/p>\n","protected":false},"author":1,"featured_media":0,"parent":0,"menu_order":0,"comment_status":"closed","ping_status":"closed","template":"","meta":{"footnotes":""},"class_list":["post-409","page","type-page","status-publish","hentry"],"_links":{"self":[{"href":"https:\/\/olimpiada.ingenieria.usac.edu.gt\/index.php?rest_route=\/wp\/v2\/pages\/409","targetHints":{"allow":["GET"]}}],"collection":[{"href":"https:\/\/olimpiada.ingenieria.usac.edu.gt\/index.php?rest_route=\/wp\/v2\/pages"}],"about":[{"href":"https:\/\/olimpiada.ingenieria.usac.edu.gt\/index.php?rest_route=\/wp\/v2\/types\/page"}],"author":[{"embeddable":true,"href":"https:\/\/olimpiada.ingenieria.usac.edu.gt\/index.php?rest_route=\/wp\/v2\/users\/1"}],"replies":[{"embeddable":true,"href":"https:\/\/olimpiada.ingenieria.usac.edu.gt\/index.php?rest_route=%2Fwp%2Fv2%2Fcomments&post=409"}],"version-history":[{"count":15,"href":"https:\/\/olimpiada.ingenieria.usac.edu.gt\/index.php?rest_route=\/wp\/v2\/pages\/409\/revisions"}],"predecessor-version":[{"id":695,"href":"https:\/\/olimpiada.ingenieria.usac.edu.gt\/index.php?rest_route=\/wp\/v2\/pages\/409\/revisions\/695"}],"wp:attachment":[{"href":"https:\/\/olimpiada.ingenieria.usac.edu.gt\/index.php?rest_route=%2Fwp%2Fv2%2Fmedia&parent=409"}],"curies":[{"name":"wp","href":"https:\/\/api.w.org\/{rel}","templated":true}]}}